{"id":1312,"date":"2020-02-04T10:17:56","date_gmt":"2020-02-04T09:17:56","guid":{"rendered":"https:\/\/www.auclosdulac.fr\/gite-pres-de-reims-2\/"},"modified":"2023-11-14T11:54:33","modified_gmt":"2023-11-14T10:54:33","slug":"sejour-reims","status":"publish","type":"page","link":"https:\/\/www.auclosdulac.fr\/fr\/sejour-reims\/","title":{"rendered":"S\u00e9jour Reims"},"content":{"rendered":"<p>[vc_row el_class=\u00a0\u00bbpadded-section\u00a0\u00bb][vc_column]<h1 class=\"\">S\u00e9jour Reims<\/h1>\n<div class=\"text-image\">\n <div class=\"text-image__text\">\n <div class=\"text-image__text__title\">\n\n <h2 class=\"text-image-title\">\n <span class=\"text-image__text__title--main\"\n data-aos=\"fade-left\"\n data-aos-duration=\"1000\"\n data-aos-easing=\"ease-in-out\"\n >\n Parenth\u00e8se hors du temps \u00e0 Au Clos du Lac lors de votre s\u00e9jour pr\u00e8s de Reims <\/span>\n \n <\/div>\n <div class=\"text-image__text__content\">\n <p>Id\u00e9alement situ\u00e9 \u00e0 15 minutes en voiture du centre-ville historique de Reims, Au <a href=\"https:\/\/www.auclosdulac.fr\/\"><strong>Clos du Lac<\/strong><\/a> est une\u00a0<strong><a href=\"https:\/\/www.auclosdulac.fr\/fr\/chambre-d-hotes-champagne\/\">maison d\u2019h\u00f4te \u00e9l\u00e9gante<\/a><\/strong>, parfaite pour un s\u00e9jour d\u2019\u00e9vasion en Champagne. Install\u00e9e dans un ancien corps de ferme typique de la r\u00e9gion, cette demeure est le lieu id\u00e9al pour un <strong>s\u00e9jour<\/strong> \u00e0 deux pas de <strong>Reims<\/strong>.<\/p>\n<p>&nbsp;<\/p>\n<p><strong>A<a href=\"https:\/\/www.auclosdulac.fr\/\">u Clos du Lac<\/a><\/strong> est n\u00e9 d\u2019une subtile alliance entre mat\u00e9riaux anciens et touches de modernit\u00e9. Il r\u00e8gne dans cette maison d\u2019h\u00f4te, une atmosph\u00e8re chaleureuse, propice \u00e0 la d\u00e9contraction.<\/p>\n<p>&nbsp;<\/p>\n<p>Vous adorerez\u00a0<strong><a href=\"https:\/\/www.auclosdulac.fr\/fr\/bien-etre-et-sport-gite-en-champagne-avec-piscine\/\">son espace d\u00e9tente<\/a><\/strong>, am\u00e9nag\u00e9 d\u2019un bassin int\u00e9rieur chauff\u00e9, de cabines de soins et de massages, d\u2019un mur de sel relaxant et d\u2019un sauna pour l\u2019\u00e9limination des toxines.<\/p>\n<p>&nbsp;<\/p>\n<p>Vous aimerez \u00e9galement\u00a0:<\/p>\n<ul>\n<li>Notre jardin<\/li>\n<li>Notre terrasse<\/li>\n<li>Notre parking clos et couvert<\/li>\n<li>Wifi gratuit<\/li>\n<\/ul>\n<p>&nbsp;<\/p>\n<p style=\"text-align: center;\"><a href=\"https:\/\/www.auclosdulac.fr\/\"><strong>D\u00e9couvrez notre maison d\u2019h\u00f4te<\/strong><\/a><\/p>\n<p>\n <\/div>\n\n <\/div>\n\n <div class=\"text-image__images\">\n <div class=\"controls\"><\/div>\n\n <div class=\"text-image__slick text-image-slick\">\n <a href=\"https:\/\/www.auclosdulac.fr\/wp-content\/uploads\/2019\/06\/DSC_7596-1620x1080.jpg\" class=\"magnific-link hover__dark-panel text-image__slick__item\" data-fancybox=\"slick-69fcb93046f57\" style=\"background-image: url('https:\/\/www.auclosdulac.fr\/wp-content\/uploads\/2019\/06\/DSC_7596-1620x1080.jpg')\">\n <\/a>\n <\/div>\n <\/div>\n\n<\/div>\n\n<div class=\"text-image\">\n <div class=\"text-image__text\">\n <div class=\"text-image__text__title\">\n\n <h2 class=\"text-image-title\">\n <span class=\"text-image__text__title--main\"\n data-aos=\"fade-left\"\n data-aos-duration=\"1000\"\n data-aos-easing=\"ease-in-out\"\n >\n Des suites de charme <\/span>\n \n <\/div>\n <div class=\"text-image__text__content\">\n <p>Pour vous reposer lors de votre\u00a0<strong>s\u00e9jour \u00e0 Reims<\/strong>\u00a0\u00e0 <strong>Au Clos du Lac<\/strong>, vous aurez le choix entre 5 <a href=\"https:\/\/www.auclosdulac.fr\/fr\/les-suites-gite-en-champagne\/\"><strong>suites<\/strong><\/a> toutes plus confortables les unes que les autres. Choisissez entre\u00a0:<\/p>\n<p>&nbsp;<\/p>\n<ul>\n<li>La Brut Ros\u00e9\u00a0: pour une immersion entre romantisme et f\u00e9minit\u00e9\u00a0;<\/li>\n<li>La Blanc de Blancs\u00a0: pour \u00eatre transport\u00e9 dans une chambre au design contemporain\u00a0;<\/li>\n<li>La Brut de Nature\u00a0: un cocon de chaleur et d\u2019\u00e9l\u00e9gance\u00a0;<\/li>\n<li>La Brut de Prestige\u00a0: une suite dor\u00e9e festive\u00a0;<\/li>\n<li>La Blanc de Noirs\u00a0: pour un voyage entre brut et modernit\u00e9.<\/li>\n<\/ul>\n<p>&nbsp;<\/p>\n<p>Toutes nos suites sont spacieuses et lumineuses, pour que vous vous sentiez compl\u00e8tement \u00e0 l\u2019aise pendant votre voyage en Champagne. Les \u00e9quipements ne manqueront pas non plus de vous s\u00e9duire par leur modernit\u00e9.<\/p>\n<p>&nbsp;<\/p>\n<p style=\"text-align: center;\"><strong><a href=\"https:\/\/www.auclosdulac.fr\/fr\/les-suites-gite-en-champagne\/\">R\u00e9servez votre suite de charme<\/a><\/strong><\/p>\n<p>\n <\/div>\n\n <\/div>\n\n <div class=\"text-image__images\">\n <div class=\"controls\"><\/div>\n\n <div class=\"text-image__slick text-image-slick\">\n <a href=\"https:\/\/www.auclosdulac.fr\/wp-content\/uploads\/2019\/06\/DSC_7113-1621x1080.jpg\" class=\"magnific-link hover__dark-panel text-image__slick__item\" data-fancybox=\"slick-69fcb93047449\" style=\"background-image: url('https:\/\/www.auclosdulac.fr\/wp-content\/uploads\/2019\/06\/DSC_7113-1621x1080.jpg')\">\n <\/a>\n <\/div>\n <\/div>\n\n<\/div>\n\n<div class=\"text-image\">\n <div class=\"text-image__text\">\n <div class=\"text-image__text__title\">\n\n <h2 class=\"text-image-title\">\n <span class=\"text-image__text__title--main\"\n data-aos=\"fade-left\"\n data-aos-duration=\"1000\"\n data-aos-easing=\"ease-in-out\"\n >\n Votre escapade \u00e0 Reims <\/span>\n \n <\/div>\n <div class=\"text-image__text__content\">\n <p>Profitez de votre\u00a0<strong>s\u00e9jour \u00e0 Reims<\/strong>\u00a0pour d\u00e9couvrir une r\u00e9gion myst\u00e9rieuse et fascinante. Situ\u00e9 exactement dans la petite ville de Gueux, Au Clos du Lac est le point id\u00e9al de d\u00e9part, pour partir \u00e0 la d\u00e9couverte de\u00a0<strong><a href=\"https:\/\/www.reims-tourisme.com\/\">Reims<\/a><\/strong>\u00a0et de ses environs.<\/p>\n<p>&nbsp;<\/p>\n<p>\u00c0 Reims, nous vous conseillons de visiter\u00a0:<\/p>\n<ul>\n<li>la splendide cath\u00e9drale de la ville<\/li>\n<li>la cit\u00e9 du Champagne<\/li>\n<li>le mus\u00e9e de la reddition<\/li>\n<\/ul>\n<p>&nbsp;<\/p>\n<p>Dans les alentours, vous pourrez arpenter les fameux vignobles qui font la renomm\u00e9e de la r\u00e9gion, en petit train ou vous rendre au fort de la Pompelle pour une visite guid\u00e9e historique.<\/p>\n<p>\n <\/div>\n\n <\/div>\n\n <div class=\"text-image__images\">\n <div class=\"controls\"><\/div>\n\n <div class=\"text-image__slick text-image-slick\">\n <a href=\"https:\/\/www.auclosdulac.fr\/wp-content\/uploads\/2019\/06\/DSC_7607-1620x1080.jpg\" class=\"magnific-link hover__dark-panel text-image__slick__item\" data-fancybox=\"slick-69fcb930477b5\" style=\"background-image: url('https:\/\/www.auclosdulac.fr\/wp-content\/uploads\/2019\/06\/DSC_7607-1620x1080.jpg')\">\n <\/a>\n <\/div>\n <\/div>\n\n<\/div>\n[\/vc_column][\/vc_row]<\/p>\n","protected":false},"excerpt":{"rendered":"<p>[vc_row el_class=\u00a0\u00bbpadded-section\u00a0\u00bb][vc_column][\/vc_column][\/vc_row]<\/p>\n","protected":false},"author":1,"featured_media":0,"parent":0,"menu_order":39,"comment_status":"closed","ping_status":"closed","template":"full-width.php","meta":{"footnotes":""},"class_list":["post-1312","page","type-page","status-publish","hentry"],"acf":[],"_links":{"self":[{"href":"https:\/\/www.auclosdulac.fr\/fr\/wp-json\/wp\/v2\/pages\/1312\/"}],"collection":[{"href":"https:\/\/www.auclosdulac.fr\/fr\/wp-json\/wp\/v2\/pages\/"}],"about":[{"href":"https:\/\/www.auclosdulac.fr\/fr\/wp-json\/wp\/v2\/types\/page\/"}],"author":[{"embeddable":true,"href":"https:\/\/www.auclosdulac.fr\/fr\/wp-json\/wp\/v2\/users\/1\/"}],"replies":[{"embeddable":true,"href":"https:\/\/www.auclosdulac.fr\/fr\/wp-json\/wp\/v2\/comments\/?post=1312"}],"version-history":[{"count":0,"href":"https:\/\/www.auclosdulac.fr\/fr\/wp-json\/wp\/v2\/pages\/1312\/revisions\/"}],"wp:attachment":[{"href":"https:\/\/www.auclosdulac.fr\/fr\/wp-json\/wp\/v2\/media\/?parent=1312"}],"curies":[{"name":"wp","href":"https:\/\/api.w.org\/{rel}","templated":true}]}}