{"id":1431,"date":"2021-06-14T16:59:46","date_gmt":"2021-06-14T14:59:58","guid":{"rendered":"https:\/\/www.auclosdulac.fr\/?page_id=1431"},"modified":"2024-08-29T10:58:41","modified_gmt":"2024-08-29T08:58:41","slug":"hotel-spa-champagne","status":"publish","type":"page","link":"https:\/\/www.auclosdulac.fr\/fr\/hotel-spa-champagne\/","title":{"rendered":"H\u00f4tel Spa Champagne"},"content":{"rendered":"<p>[vc_row][vc_column][vc_column_text]<\/p>\n<p style=\"text-align: left;\">[\/vc_column_text][\/vc_column][\/vc_row][vc_row el_class=\u00a0\u00bbpadded-section\u00a0\u00bb][vc_column]<h1 class=\"\">Venez vous d\u00e9tendre dans notre le spa de notre h\u00f4tel en Champagne<\/h1>\n<div class=\"text-image\">\n <div class=\"text-image__text\">\n <div class=\"text-image__text__title\">\n\n <h2 class=\"text-image-title\">\n <span class=\"text-image__text__title--main\"\n data-aos=\"fade-left\"\n data-aos-duration=\"1000\"\n data-aos-easing=\"ease-in-out\"\n >\n Venez d\u00e9couvrir notre h\u00f4tel avec spa en Champagne <\/span>\n \n <\/div>\n <div class=\"text-image__text__content\">\n <p>Vivez une exp\u00e9rience hors du commun au sein de notre <strong>h\u00f4tel <\/strong>avec <a href=\"https:\/\/www.auclosdulac.fr\/fr\/bien-etre-et-sport-gite-en-champagne-avec-piscine\/\"><strong>spa<\/strong><\/a> en Champagne, <a href=\"https:\/\/www.auclosdulac.fr\/fr\/chambre-d-hotes-champagne\/\"><strong>Au Clos du Lac<\/strong><\/a><strong>.<\/strong> <a href=\"https:\/\/www.auclosdulac.fr\/fr\/les-suites-gite-en-champagne\/\"><strong>Nos suites de luxe<\/strong><\/a>, chacune inspir\u00e9e par les saveurs du champagne, vous offrent un cadre unique pour un s\u00e9jour inoubliable.<\/p>\n<p>&nbsp;<\/p>\n<p>Un moment de d\u00e9tente absolue vous attend dans notre spa, exclusivement r\u00e9serv\u00e9 \u00e0 nos h\u00f4tes.<\/p>\n<p>&nbsp;<\/p>\n<p>Profitez des <strong>installations<\/strong> suivantes :<\/p>\n<ul>\n<li><strong>Bassin int\u00e9rieur chauff\u00e9<\/strong> avec cascades, buses d\u2019hydromassage et nage \u00e0 contre-courant<\/li>\n<li><strong>Sauna infrarouge<\/strong>, avec chaleur s\u00e8che pour l\u2019\u00e9limination des toxines et mur de sel \u00e9clair\u00e9 pour une relaxation optimale<\/li>\n<li><strong>Espace d\u00e9tente<\/strong> avec bains de soleil donnant sur le jardin<\/li>\n<li><strong>Boissons rafra\u00eechissantes<\/strong> \u00e0 votre disposition pour prolonger le plaisir<\/li>\n<\/ul>\n<p>&nbsp;<\/p>\n<p>Pour une exp\u00e9rience encore plus compl\u00e8te, faites confiance \u00e0 nos praticiennes pour un modelage apaisant avec les <a href=\"https:\/\/www.sarmance.com\/\"><strong>produits Sarmance<\/strong><\/a>, certifi\u00e9s cosm\u00e9tique bio et inspir\u00e9s par les jeunes pousses de vignes. Chaque soin est une <strong>v\u00e9ritable \u00e9vasion sensorielle.<\/strong><\/p>\n<p>&nbsp;<\/p>\n<p>Apr\u00e8s votre s\u00e9ance de spa, relaxez-vous sur un <strong>bain de soleil<\/strong> dans notre jardin ou profitez d\u2019une boisson rafra\u00eechissante. Laissez-vous ensuite tenter par une derni\u00e8re s\u00e9ance de sauna pour parfaire votre moment de d\u00e9tente.<\/p>\n<p>&nbsp;<\/p>\n<p style=\"text-align: center;\"><a href=\"https:\/\/www.auclosdulac.fr\/fr\/bien-etre-et-sport-gite-en-champagne-avec-piscine\/\"><strong>D\u00e9couvrez notre spa<\/strong><\/a><\/p>\n<p>\n <\/div>\n\n <\/div>\n\n <div class=\"text-image__images\">\n <div class=\"controls\"><\/div>\n\n <div class=\"text-image__slick text-image-slick\">\n <a href=\"https:\/\/www.auclosdulac.fr\/wp-content\/uploads\/2019\/06\/DSC_7596-1620x1080.jpg\" class=\"magnific-link hover__dark-panel text-image__slick__item\" data-fancybox=\"slick-69f2981268518\" style=\"background-image: url('https:\/\/www.auclosdulac.fr\/wp-content\/uploads\/2019\/06\/DSC_7596-1620x1080.jpg')\">\n <\/a>\n <a href=\"https:\/\/www.auclosdulac.fr\/wp-content\/uploads\/2019\/06\/DSC_6871-720x1080.jpg\" class=\"magnific-link hover__dark-panel text-image__slick__item\" data-fancybox=\"slick-69f2981268518\" style=\"background-image: url('https:\/\/www.auclosdulac.fr\/wp-content\/uploads\/2019\/06\/DSC_6871-720x1080.jpg')\">\n <\/a>\n <a href=\"https:\/\/www.auclosdulac.fr\/wp-content\/uploads\/2019\/06\/DSC_7562-1620x1080.jpg\" class=\"magnific-link hover__dark-panel text-image__slick__item\" data-fancybox=\"slick-69f2981268518\" style=\"background-image: url('https:\/\/www.auclosdulac.fr\/wp-content\/uploads\/2019\/06\/DSC_7562-1620x1080.jpg')\">\n <\/a>\n <\/div>\n <\/div>\n\n<\/div>\n\n<div class=\"text-image\">\n <div class=\"text-image__text\">\n <div class=\"text-image__text__title\">\n\n <h2 class=\"text-image-title\">\n <span class=\"text-image__text__title--main\"\n data-aos=\"fade-left\"\n data-aos-duration=\"1000\"\n data-aos-easing=\"ease-in-out\"\n >\n D\u00e9gustez votre panier pique-nique \u00e0 Reims <\/span>\n \n <\/div>\n <div class=\"text-image__text__content\">\n <p><strong>Notre h\u00f4tel avec spa <\/strong>en r\u00e9gion <a href=\"https:\/\/www.tourisme-en-champagne.com\/route-touristique-du-champagne\"><strong>Champagne<\/strong><\/a> vous offre la possibilit\u00e9 de vous procurer un plaisir intense en d\u00e9gustant nos <strong>paniers pique-nique.<\/strong><\/p>\n<p>&nbsp;<\/p>\n<p>Nos paniers sont compos\u00e9s de\u00a0:<\/p>\n<ul>\n<li>Fruits frais<\/li>\n<li>Terrines<\/li>\n<li>Salades<\/li>\n<li>Mise en bouche<\/li>\n<li>Champagne et bien d\u2019autres surprises gustatives.<\/li>\n<\/ul>\n<p>&nbsp;<\/p>\n<p>Retrouvez-les au sein de notre espace shopping qui est r\u00e9serv\u00e9 exclusivement \u00e0 nos h\u00f4tes.<\/p>\n<p>&nbsp;<\/p>\n<p>Notre espace shopping propose <strong>un assemblage de produits locaux<\/strong>, des planches ap\u00e9ritives ainsi que des plateaux-repas. Vous pourrez \u00e9galement y retrouver des produits provenant d\u2019artistes locaux.<\/p>\n<p>&nbsp;<\/p>\n<p>Apr\u00e8s votre <strong>nuit inoubliable<\/strong> dans nos lits king size haut de gamme, vous pourrez \u00e9galement d\u00e9guster votre petit-d\u00e9jeuner au lit dans l\u2019une de <strong>cinq suites<\/strong>\u00a0:<\/p>\n<ul>\n<li>La Brut Ros\u00e9<\/li>\n<li>La Brut Nature<\/li>\n<li>La Brut Prestige<\/li>\n<li>La Blanc de Blancs<\/li>\n<li>La Blanc de Noirs<\/li>\n<\/ul>\n<p>&nbsp;<\/p>\n<p style=\"text-align: center;\"><a href=\"https:\/\/www.auclosdulac.fr\/fr\/les-suites-gite-en-champagne\/\"><strong>R\u00e9servez votre suite<\/strong><\/a><\/p>\n<p>\n <\/div>\n\n <\/div>\n\n <div class=\"text-image__images\">\n <div class=\"controls\"><\/div>\n\n <div class=\"text-image__slick text-image-slick\">\n <a href=\"https:\/\/www.auclosdulac.fr\/wp-content\/uploads\/2019\/06\/DSC_7275-1620x1080.jpg\" class=\"magnific-link hover__dark-panel text-image__slick__item\" data-fancybox=\"slick-69f29812694b3\" style=\"background-image: url('https:\/\/www.auclosdulac.fr\/wp-content\/uploads\/2019\/06\/DSC_7275-1620x1080.jpg')\">\n <\/a>\n <a href=\"https:\/\/www.auclosdulac.fr\/wp-content\/uploads\/2019\/06\/DSC_6796-1620x1080.jpg\" class=\"magnific-link hover__dark-panel text-image__slick__item\" data-fancybox=\"slick-69f29812694b3\" style=\"background-image: url('https:\/\/www.auclosdulac.fr\/wp-content\/uploads\/2019\/06\/DSC_6796-1620x1080.jpg')\">\n <\/a>\n <\/div>\n <\/div>\n\n<\/div>\n\n<div class=\"text-image\">\n <div class=\"text-image__text\">\n <div class=\"text-image__text__title\">\n\n <h2 class=\"text-image-title\">\n <span class=\"text-image__text__title--main\"\n data-aos=\"fade-left\"\n data-aos-duration=\"1000\"\n data-aos-easing=\"ease-in-out\"\n >\n D\u00e9couvrez notre merveilleuse r\u00e9gion, la Champagne <\/span>\n \n <\/div>\n <div class=\"text-image__text__content\">\n <p>La r\u00e9gion vous ouvre grand ses bras pour un s\u00e9jour riche en d\u00e9couvertes. Notre <strong>h\u00f4tel<\/strong> avec <strong>spa<\/strong> Au Clos du Lac vous invite \u00e0 explorer les tr\u00e9sors de la r\u00e9gion <strong>Champagne<\/strong>.<\/p>\n<p>&nbsp;<\/p>\n<p>Empruntez nos v\u00e9los pour parcourir <strong>les circuits propos\u00e9s<\/strong> et plongez au c\u0153ur des paysages champenois.<\/p>\n<p>&nbsp;<\/p>\n<p>Vous pourrez choisir entre des d\u00e9couvertes culturelles ou des activit\u00e9s natures, ludiques ou sportives.<\/p>\n<p>&nbsp;<\/p>\n<p>Vous trouverez forc\u00e9ment de quoi combler vos envies :<\/p>\n<ul>\n<li><strong>Visite de\u00a0<a href=\"https:\/\/www.reims-tourisme.com\/\">Reims<\/a>:<\/strong> la cath\u00e9drale de Reims, le Palais du Tau, les Halles du Boulingrin, la Cit\u00e9 du Champagne, \u2026<\/li>\n<li><strong>Visite des caves de champagnes :<\/strong>\u00a0<a href=\"https:\/\/www.mumm.com\/fr-fr\/la-maison-mumm\/histoire\/\">la c\u00e9l\u00e8bre maison Mumm<\/a>et bien d\u2019autres encore<\/li>\n<li><strong>Randonn\u00e9es p\u00e9destres<\/strong> sur les nombreux sentiers am\u00e9nag\u00e9s dans la r\u00e9gion<\/li>\n<li><strong>Activit\u00e9s sportives<\/strong> comme du golf ou du v\u00e9lo<\/li>\n<\/ul>\n<p>\n <\/div>\n\n <\/div>\n\n <div class=\"text-image__images\">\n <div class=\"controls\"><\/div>\n\n <div class=\"text-image__slick text-image-slick\">\n <a href=\"https:\/\/www.auclosdulac.fr\/wp-content\/uploads\/2019\/03\/shutterstock_6539902-1774x1080.jpg\" class=\"magnific-link hover__dark-panel text-image__slick__item\" data-fancybox=\"slick-69f2981269b3f\" style=\"background-image: url('https:\/\/www.auclosdulac.fr\/wp-content\/uploads\/2019\/03\/shutterstock_6539902-1774x1080.jpg')\">\n <\/a>\n <\/div>\n <\/div>\n\n<\/div>\n[\/vc_column][\/vc_row][vc_row][vc_column][vc_column_text]<\/p>\n<p>[\/vc_column_text][\/vc_column][\/vc_row]<\/p>\n","protected":false},"excerpt":{"rendered":"<p>[vc_row][vc_column][vc_column_text] [\/vc_column_text][\/vc_column][\/vc_row][vc_row el_class=\u00a0\u00bbpadded-section\u00a0\u00bb][vc_column][\/vc_column][\/vc_row][vc_row][vc_column][vc_column_text] [\/vc_column_text][\/vc_column][\/vc_row]<\/p>\n","protected":false},"author":1,"featured_media":0,"parent":0,"menu_order":25,"comment_status":"closed","ping_status":"closed","template":"full-width.php","meta":{"footnotes":""},"class_list":["post-1431","page","type-page","status-publish","hentry"],"acf":[],"_links":{"self":[{"href":"https:\/\/www.auclosdulac.fr\/fr\/wp-json\/wp\/v2\/pages\/1431\/"}],"collection":[{"href":"https:\/\/www.auclosdulac.fr\/fr\/wp-json\/wp\/v2\/pages\/"}],"about":[{"href":"https:\/\/www.auclosdulac.fr\/fr\/wp-json\/wp\/v2\/types\/page\/"}],"author":[{"embeddable":true,"href":"https:\/\/www.auclosdulac.fr\/fr\/wp-json\/wp\/v2\/users\/1\/"}],"replies":[{"embeddable":true,"href":"https:\/\/www.auclosdulac.fr\/fr\/wp-json\/wp\/v2\/comments\/?post=1431"}],"version-history":[{"count":0,"href":"https:\/\/www.auclosdulac.fr\/fr\/wp-json\/wp\/v2\/pages\/1431\/revisions\/"}],"wp:attachment":[{"href":"https:\/\/www.auclosdulac.fr\/fr\/wp-json\/wp\/v2\/media\/?parent=1431"}],"curies":[{"name":"wp","href":"https:\/\/api.w.org\/{rel}","templated":true}]}}