{"id":1719,"date":"2022-03-21T16:06:56","date_gmt":"2022-03-21T15:06:59","guid":{"rendered":"https:\/\/www.auclosdulac.fr\/?page_id=1719"},"modified":"2024-11-28T12:28:48","modified_gmt":"2024-11-28T11:28:48","slug":"oenotourisme-champagne","status":"publish","type":"page","link":"https:\/\/www.auclosdulac.fr\/fr\/oenotourisme-champagne\/","title":{"rendered":"\u0152notourisme Champagne"},"content":{"rendered":"<p>[vc_row el_class=\u00a0\u00bbpadded-section\u00a0\u00bb][vc_column]<h1 class=\"\">Plongez dans l'univers de l'\u0153notourisme en Champagne<\/h1>\n<div class=\"text-image\">\n <div class=\"text-image__text\">\n <div class=\"text-image__text__title\">\n\n <h2 class=\"text-image-title\">\n <span class=\"text-image__text__title--main\"\n data-aos=\"fade-left\"\n data-aos-duration=\"1000\"\n data-aos-easing=\"ease-in-out\"\n >\n Venez d\u00e9couvrir notre h\u00f4tel avec spa en Champagne <\/span>\n \n <\/div>\n <div class=\"text-image__text__content\">\n <p><a href=\"https:\/\/www.tourisme-en-champagne.com\/les-offices-de-tourisme\">L\u2019<strong>\u0153notourisme en Champagne<\/strong><\/a> est bien plus qu\u2019une simple visite des vignobles : c\u2019est une exp\u00e9rience sensorielle unique, o\u00f9 le vin et le terroir se rencontrent pour vous offrir des moments <strong>d\u2019\u00e9vasion exceptionnels<\/strong>.<\/p>\n<p>&nbsp;<\/p>\n<p>Au <strong><a href=\"https:\/\/www.auclosdulac.fr\/fr\/chambre-d-hotes-champagne\/\">Clos du Lac<\/a><\/strong>, nous vous invitons \u00e0 plonger dans l&rsquo;univers fascinant du champagne.<\/p>\n<p>&nbsp;<\/p>\n<p>Voici quelques-unes des exp\u00e9riences que vous pourrez vivre lors de votre s\u00e9jour oenotouristique au Clos du Lac :<\/p>\n<ul>\n<li><strong>Visites de caves<\/strong> : Explorez les c\u00e9l\u00e8bres caves champenoises et d\u00e9couvrez le processus de fabrication du champagne.<\/li>\n<li><strong>D\u00e9gustations de vins<\/strong> : Participez \u00e0 des d\u00e9gustations guid\u00e9es pour appr\u00e9cier les diff\u00e9rentes cuv\u00e9es de la r\u00e9gion.<\/li>\n<li><strong>Rencontres avec des vignerons<\/strong> : \u00c9changez avec des producteurs locaux passionn\u00e9s par leur m\u00e9tier et leur terroir.<\/li>\n<li><strong>Balades \u00e0 v\u00e9lo<\/strong> : Partez \u00e0 la d\u00e9couverte des vignobles environnants et profitez de l\u2019air frais de la campagne champenoise.<\/li>\n<\/ul>\n<p>&nbsp;<\/p>\n<p>Chaque activit\u00e9 vous plonge un peu plus dans l\u2019\u00e2me de la Champagne, alliant tradition, savoir-faire et plaisir des sens pour un s\u00e9jour inoubliable.<\/p>\n<p>R\u00e9servez d\u00e8s maintenant pour vivre cette exp\u00e9rience unique au Clos du Lac.<\/p>\n<p>&nbsp;<\/p>\n<p>Nos <strong><a href=\"https:\/\/www.auclosdulac.fr\/fr\/les-suites-gite-en-champagne\/\">chambres d\u2019h\u00f4tes de charme<\/a><\/strong> et notre cadre exceptionnel vous attendent pour un s\u00e9jour alliant d\u00e9tente et d\u00e9couvertes \u0153nologiques. N&rsquo;attendez plus pour planifier votre escapade en Champagne\u00a0!<\/p>\n<p>&nbsp;<\/p>\n<p>&nbsp;<\/p>\n<p style=\"text-align: center;\"><strong><a href=\"https:\/\/www.secure-hotel-booking.com\/d-edge\/Au-Clos-Du-Lac\/JB6B\/fr-FR\">R\u00e9servez votre s\u00e9jour<\/a><\/strong><\/p>\n<p>\n <\/div>\n\n <\/div>\n\n <div class=\"text-image__images\">\n <div class=\"controls\"><\/div>\n\n <div class=\"text-image__slick text-image-slick\">\n <a href=\"https:\/\/www.auclosdulac.fr\/wp-content\/uploads\/2019\/03\/cave-de-champagne2-1470x1080.jpg\" class=\"magnific-link hover__dark-panel text-image__slick__item\" data-fancybox=\"slick-69f2383ca6a74\" style=\"background-image: url('https:\/\/www.auclosdulac.fr\/wp-content\/uploads\/2019\/03\/cave-de-champagne2-1470x1080.jpg')\">\n <\/a>\n <\/div>\n <\/div>\n\n<\/div>\n\n<div class=\"text-image\">\n <div class=\"text-image__text\">\n <div class=\"text-image__text__title\">\n\n <h2 class=\"text-image-title\">\n <span class=\"text-image__text__title--main\"\n data-aos=\"fade-left\"\n data-aos-duration=\"1000\"\n data-aos-easing=\"ease-in-out\"\n >\n D\u00e9gustez votre panier pique-nique \u00e0 Reims <\/span>\n \n <\/div>\n <div class=\"text-image__text__content\">\n <p><strong>L\u2019\u0153notourisme en Champagne<\/strong> ne se limite pas \u00e0 la d\u00e9couverte des caves et vignobles : il s\u2019\u00e9tend \u00e9galement \u00e0 la gastronomie locale.<\/p>\n<p>&nbsp;<\/p>\n<p>Au Clos du Lac, nous vous offrons la possibilit\u00e9 de savourer un <strong><a href=\"https:\/\/www.auclosdulac.fr\/fr\/services-et-prestations-hebergement-champagne\/\">d\u00e9licieux pique-nique champenois<\/a><\/strong> dans un cadre idyllique. Nos paniers pique-nique sont compos\u00e9s de <strong>produits locaux,<\/strong> parfaits pour une pause gourmande lors de votre exploration de la r\u00e9gion.<\/p>\n<p>&nbsp;<\/p>\n<p>Nos paniers sont compos\u00e9s de :<\/p>\n<ul>\n<li><strong>Fruits frais<\/strong> de saison, cueillis avec soin.<\/li>\n<li><strong>Terrines<\/strong> artisanales, pr\u00e9par\u00e9es avec des produits du terroir.<\/li>\n<li><strong>Salades<\/strong> fra\u00eeches et vari\u00e9es, id\u00e9ales pour une d\u00e9gustation en plein air.<\/li>\n<li><strong>Mises en bouche<\/strong> cr\u00e9atives, pour \u00e9veiller vos papilles.<\/li>\n<li><strong>Champagne <\/strong>accompagn\u00e9 de d\u00e9licieuses surprises gustatives.<\/li>\n<\/ul>\n<p>&nbsp;<\/p>\n<p>Retrouvez ces paniers dans notre <strong><a href=\"https:\/\/www.auclosdulac.fr\/fr\/loisirs-et-decouvertes-sejour-champagne\/\">espace shopping<\/a><\/strong>, r\u00e9serv\u00e9 exclusivement \u00e0 nos h\u00f4tes. Ce dernier propose \u00e9galement une s\u00e9lection de produits locaux, des planches ap\u00e9ritives ainsi que des plateaux de d\u00e9gustation pour agr\u00e9menter votre exp\u00e9rience oenotouristique.<\/p>\n<p>&nbsp;<\/p>\n<p style=\"text-align: center;\"><strong><a href=\"https:\/\/www.auclosdulac.fr\/fr\/loisirs-et-decouvertes-sejour-champagne\/\">En savoir plus<\/a><\/strong><\/p>\n<p>\n <\/div>\n\n <\/div>\n\n <div class=\"text-image__images\">\n <div class=\"controls\"><\/div>\n\n <div class=\"text-image__slick text-image-slick\">\n <a href=\"https:\/\/www.auclosdulac.fr\/wp-content\/uploads\/2019\/06\/DSC_7264-720x1080.jpg\" class=\"magnific-link hover__dark-panel text-image__slick__item\" data-fancybox=\"slick-69f2383ca71ed\" style=\"background-image: url('https:\/\/www.auclosdulac.fr\/wp-content\/uploads\/2019\/06\/DSC_7264-720x1080.jpg')\">\n <\/a>\n <\/div>\n <\/div>\n\n<\/div>\n\n<div class=\"text-image\">\n <div class=\"text-image__text\">\n <div class=\"text-image__text__title\">\n\n <h2 class=\"text-image-title\">\n <span class=\"text-image__text__title--main\"\n data-aos=\"fade-left\"\n data-aos-duration=\"1000\"\n data-aos-easing=\"ease-in-out\"\n >\n D\u00e9couvrez notre merveilleuse r\u00e9gion, la Champagne <\/span>\n \n <\/div>\n <div class=\"text-image__text__content\">\n <p><strong>L\u2019\u0153notourisme en Champagne<\/strong> vous ouvre grand ses bras pour un s\u00e9jour riche en d\u00e9couvertes. Notre h\u00f4tel avec spa vous invite \u00e0 explorer les tr\u00e9sors de la r\u00e9gion <strong>Champagne<\/strong>. Empruntez nos v\u00e9los pour parcourir <strong>les circuits propos\u00e9s<\/strong> et plongez au c\u0153ur des paysages champenois.<\/p>\n<p>&nbsp;<\/p>\n<p>Vous pourrez choisir entre des <strong>d\u00e9couvertes culturelles<\/strong> ou des <strong>activit\u00e9s natures<\/strong>, ludiques ou sportives.<\/p>\n<p>&nbsp;<\/p>\n<p>Vous trouverez forc\u00e9ment de quoi combler vos envies :<\/p>\n<ul>\n<li>Visite de\u00a0<strong><a href=\"https:\/\/www.reims-tourisme.com\/\">Reims<\/a><\/strong>: la cath\u00e9drale de Reims, le Palais du Tau, les Halles du Boulingrin, la Cit\u00e9 du Champagne, \u2026<\/li>\n<li>Visite des caves de champagnes :\u00a0<a href=\"https:\/\/www.mumm.com\/fr-fr\/la-maison-mumm\/histoire\/\">l<strong>a c\u00e9l\u00e8bre maison Mumm <\/strong><\/a>et bien d\u2019autres encore<\/li>\n<li>Randonn\u00e9es p\u00e9destres sur les nombreux sentiers am\u00e9nag\u00e9s dans la r\u00e9gion<\/li>\n<li>Activit\u00e9s sportives comme du golf ou du v\u00e9lo<\/li>\n<\/ul>\n<p>\n <\/div>\n\n <\/div>\n\n <div class=\"text-image__images\">\n <div class=\"controls\"><\/div>\n\n <div class=\"text-image__slick text-image-slick\">\n <a href=\"https:\/\/www.auclosdulac.fr\/wp-content\/uploads\/2023\/03\/Pressoria-1494x1080.png\" class=\"magnific-link hover__dark-panel text-image__slick__item\" data-fancybox=\"slick-69f2383ca7656\" style=\"background-image: url('https:\/\/www.auclosdulac.fr\/wp-content\/uploads\/2023\/03\/Pressoria-1494x1080.png')\">\n <\/a>\n <\/div>\n <\/div>\n\n<\/div>\n[\/vc_column][\/vc_row]<\/p>\n","protected":false},"excerpt":{"rendered":"<p>[vc_row el_class=\u00a0\u00bbpadded-section\u00a0\u00bb][vc_column][\/vc_column][\/vc_row]<\/p>\n","protected":false},"author":1,"featured_media":0,"parent":0,"menu_order":37,"comment_status":"closed","ping_status":"closed","template":"full-width.php","meta":{"footnotes":""},"class_list":["post-1719","page","type-page","status-publish","hentry"],"acf":[],"_links":{"self":[{"href":"https:\/\/www.auclosdulac.fr\/fr\/wp-json\/wp\/v2\/pages\/1719\/"}],"collection":[{"href":"https:\/\/www.auclosdulac.fr\/fr\/wp-json\/wp\/v2\/pages\/"}],"about":[{"href":"https:\/\/www.auclosdulac.fr\/fr\/wp-json\/wp\/v2\/types\/page\/"}],"author":[{"embeddable":true,"href":"https:\/\/www.auclosdulac.fr\/fr\/wp-json\/wp\/v2\/users\/1\/"}],"replies":[{"embeddable":true,"href":"https:\/\/www.auclosdulac.fr\/fr\/wp-json\/wp\/v2\/comments\/?post=1719"}],"version-history":[{"count":0,"href":"https:\/\/www.auclosdulac.fr\/fr\/wp-json\/wp\/v2\/pages\/1719\/revisions\/"}],"wp:attachment":[{"href":"https:\/\/www.auclosdulac.fr\/fr\/wp-json\/wp\/v2\/media\/?parent=1719"}],"curies":[{"name":"wp","href":"https:\/\/api.w.org\/{rel}","templated":true}]}}