{"id":311,"date":"2019-01-11T14:18:50","date_gmt":"2019-01-11T13:18:50","guid":{"rendered":"https:\/\/www.auclosdulac.fr\/?page_id=311"},"modified":"2024-06-20T15:54:43","modified_gmt":"2024-06-20T13:54:43","slug":"professionnels-du-champagne","status":"publish","type":"page","link":"https:\/\/www.auclosdulac.fr\/fr\/privatisation-seminaire-en-champagne\/professionnels-du-champagne\/","title":{"rendered":"Professionnels du Champagne"},"content":{"rendered":"<p>[vc_row][vc_column]\r\n<span class=\"button button__back \">\r\n <a class=\"\" href=\"https:\/\/www.auclosdulac.fr\/fr\/privatisation-seminaire-en-champagne\/\">\r\n retour <\/a>\r\n<\/span>\r\n\r\n\r\n[\/vc_column][\/vc_row][vc_row el_class=\u00a0\u00bbpadded-section\u00a0\u00bb][vc_column el_class=\u00a0\u00bbprivatisation\u00a0\u00bb]\n<div class=\"text-image\">\n <div class=\"text-image__text\">\n <div class=\"text-image__text__title\">\n\n <h2 class=\"text-image-title\">\n <span class=\"text-image__text__title--main\"\n data-aos=\"fade-left\"\n data-aos-duration=\"1000\"\n data-aos-easing=\"ease-in-out\"\n >\n Professionnels du Champagne <\/span>\n \n <\/div>\n <div class=\"text-image__text__content\">\n <p>N\u00f4tre maison d\u2019h\u00f4tes \u00ab\u00a0<strong>Au Clos du Lac\u00a0<\/strong>\u00bb, situ\u00e9e au centre du village historique de Gueux, \u00e0 proximit\u00e9 du lac, am\u00e9nag\u00e9e dans un ancien corps de ferme, offre, apr\u00e8s d\u2019importants travaux d\u2019am\u00e9nagement, un <strong>lieu intimiste d\u2019exception<\/strong>. Notre capacit\u00e9 d\u2019accueil est de 15 personnes maximums.<\/p>\n<p>Notre diff\u00e9rence : nous proposons un service de privatisation et\/ou une personnalisation sur-mesure \u00e0 votre effigie, vous donnant l\u2019opportunit\u00e9 de poss\u00e9der votre propre Guesthouse \u00e9ph\u00e9m\u00e8re.<\/p>\n<p>&nbsp;<\/p>\n<p>Plusieurs formules, ajustables selon vos besoins, sont envisageables\u00a0:<\/p>\n<ul>\n<li>Option 1 : privatisation du lieu\u00a0; comprenant\u00a0: les petits d\u00e9jeuners, la fourniture de plateaux repas \u00e9labor\u00e9s par un traiteur de votre choix et le service de gouvernance.<\/li>\n<li>Option 2 : privatisation du lieu personnalis\u00e9 aux couleurs de votre marque, comprenant\u00a0: le marquage du linge de maison (avec votre logo), la mise en place d\u2019une boutique \u00e9ph\u00e9m\u00e8re enti\u00e8rement consacr\u00e9e \u00e0 vos gammes de produits, les petits d\u00e9jeuners, la fourniture de plateaux repas \u00e9labor\u00e9s par un traiteur de votre choix et le service de gouvernance.<\/li>\n<\/ul>\n<p>&nbsp;<\/p>\n<h3>DEMANDE DE R\u00c9SERVATION<\/h3>\n<p>t. <a href=\"tel:+33666368027\">+33(0)6 66 36 80 27<\/a><\/p>\n<p>e. <a href=\"mailto:welcome@auclosdulac.fr\">welcome@auclosdulac.fr<\/a><\/p>\n <\/div>\n\n <\/div>\n\n <div class=\"text-image__images\">\n <div class=\"controls\"><\/div>\n\n <div class=\"text-image__slick text-image-slick\">\n <a href=\"https:\/\/www.auclosdulac.fr\/wp-content\/uploads\/2019\/03\/pexels-photo-461077-1620x1080.jpg\" class=\"magnific-link hover__dark-panel text-image__slick__item\" data-fancybox=\"slick-69fa177c78386\" style=\"background-image: url('https:\/\/www.auclosdulac.fr\/wp-content\/uploads\/2019\/03\/pexels-photo-461077-1620x1080.jpg')\">\n <\/a>\n <\/div>\n <\/div>\n\n<\/div>\n[\/vc_column][\/vc_row][vc_row el_class=\u00a0\u00bbpadded-section\u00a0\u00bb][vc_column][vc_column_text]<\/p>\n<h2 style=\"text-align: center;\">Services &amp; Equipements<\/h2>\n<p>[\/vc_column_text][\/vc_column][\/vc_row][vc_row el_class=\u00a0\u00bbpadded-section two-columns\u00a0\u00bb][vc_column width=\u00a0\u00bb1\/2&Prime;][vc_column_text]<\/p>\n<h3>EQUIPEMENTS<\/h3>\n<ul>\n<li>1 salle commune pour projections, d\u00e9gustations et r\u00e9unions. \u00c9quipements\u00a0: TV, Apple TV (facilite la projection de dossiers), Wifi, syst\u00e8me de sonorisation hautement performant<\/li>\n<li>Terrasse (\u00e9quip\u00e9e de parasols chauffants et de salons de jardin)<\/li>\n<li>5 suites enti\u00e8rement \u00e9quip\u00e9es d\u2019une surface moyenne d\u2019environ 40 m<sup>2 <\/sup>chacune<\/li>\n<li>1 cuisine<\/li>\n<li>1 lingerie<\/li>\n<li>Acc\u00e8s PMR<\/li>\n<li>Parking clos et couvert (s\u00e9curis\u00e9 et comprenant une borne de recharge pour v\u00e9hicules \u00e9lectriques)<\/li>\n<li>Climatisation<\/li>\n<li>Lit b\u00e9b\u00e9 (sur r\u00e9servation)<\/li>\n<li>Chaise b\u00e9b\u00e9 (sur r\u00e9servation)<\/li>\n<\/ul>\n<h3>ACTIVIT\u00c9<\/h3>\n<ul>\n<li>Salle de fitness bien \u00e9quip\u00e9e<\/li>\n<li>SPA comprenant une piscine int\u00e9rieure chauff\u00e9e et accessoiris\u00e9e et un sauna infrarouge<\/li>\n<li>Espace modelages (uniquement sur r\u00e9servation, voir carte des soins \u2013 sus)<\/li>\n<li>Pr\u00eat de v\u00e9los<\/li>\n<li>Randonn\u00e9es p\u00e9destres<\/li>\n<\/ul>\n<p>[\/vc_column_text][\/vc_column][vc_column width=\u00a0\u00bb1\/2&Prime;][vc_column_text]<\/p>\n<h3>Prestations optionnelles<\/h3>\n<ul>\n<li>Modelages<\/li>\n<li>Paniers pique-nique Champenois<\/li>\n<li>Plateaux repas \u00e9labor\u00e9s par un traiteur de votre choix<\/li>\n<li>Mise \u00e0 disposition d\u2019une personne d\u00e9di\u00e9e pour le service et l\u2019installation de points de restauration et de d\u00e9gustation pr\u00e9vus pour la dur\u00e9e du s\u00e9jour<\/li>\n<\/ul>\n<h3>\u00c0 PROXIMIT\u00c9<\/h3>\n<ul>\n<li>2 restaurants (2 mn \u00e0 pied)<\/li>\n<li>Proche Zone commerciale de Thillois (restaurants, cin\u00e9ma, bowling, etc.)<\/li>\n<li>Lac<\/li>\n<li>Randonn\u00e9es p\u00e9destres<\/li>\n<li>La Route du Champagne<\/li>\n<li>Golf 18 trous<\/li>\n<li>Circuit historique automobile de formule 1<\/li>\n<li>Tables gastronomiques<\/li>\n<\/ul>\n<p>[\/vc_column_text][\/vc_column][\/vc_row]<\/p>\n","protected":false},"excerpt":{"rendered":"<p>[vc_row][vc_column][\/vc_column][\/vc_row][vc_row el_class=\u00a0\u00bbpadded-section\u00a0\u00bb][vc_column el_class=\u00a0\u00bbprivatisation\u00a0\u00bb][\/vc_column][\/vc_row][vc_row el_class=\u00a0\u00bbpadded-section\u00a0\u00bb][vc_column][vc_column_text] Services &amp; Equipements [\/vc_column_text][\/vc_column][\/vc_row][vc_row el_class=\u00a0\u00bbpadded-section two-columns\u00a0\u00bb][vc_column width=\u00a0\u00bb1\/2&Prime;][vc_column_text] EQUIPEMENTS 1 salle commune pour projections, d\u00e9gustations et r\u00e9unions. \u00c9quipements\u00a0: TV, Apple TV (facilite la projection de dossiers), Wifi, syst\u00e8me de sonorisation hautement performant Terrasse (\u00e9quip\u00e9e de parasols chauffants [&hellip;]<\/p>\n","protected":false},"author":1,"featured_media":0,"parent":200,"menu_order":2,"comment_status":"closed","ping_status":"closed","template":"full-width.php","meta":{"footnotes":""},"class_list":["post-311","page","type-page","status-publish","hentry"],"acf":[],"_links":{"self":[{"href":"https:\/\/www.auclosdulac.fr\/fr\/wp-json\/wp\/v2\/pages\/311\/"}],"collection":[{"href":"https:\/\/www.auclosdulac.fr\/fr\/wp-json\/wp\/v2\/pages\/"}],"about":[{"href":"https:\/\/www.auclosdulac.fr\/fr\/wp-json\/wp\/v2\/types\/page\/"}],"author":[{"embeddable":true,"href":"https:\/\/www.auclosdulac.fr\/fr\/wp-json\/wp\/v2\/users\/1\/"}],"replies":[{"embeddable":true,"href":"https:\/\/www.auclosdulac.fr\/fr\/wp-json\/wp\/v2\/comments\/?post=311"}],"version-history":[{"count":0,"href":"https:\/\/www.auclosdulac.fr\/fr\/wp-json\/wp\/v2\/pages\/311\/revisions\/"}],"up":[{"embeddable":true,"href":"https:\/\/www.auclosdulac.fr\/fr\/wp-json\/wp\/v2\/pages\/200\/"}],"wp:attachment":[{"href":"https:\/\/www.auclosdulac.fr\/fr\/wp-json\/wp\/v2\/media\/?parent=311"}],"curies":[{"name":"wp","href":"https:\/\/api.w.org\/{rel}","templated":true}]}}